{"id":897,"date":"2025-04-01T10:48:23","date_gmt":"2025-04-01T14:48:23","guid":{"rendered":"https:\/\/espaceswaverly.ca\/plateaux-sportifs\/"},"modified":"2026-03-20T11:27:37","modified_gmt":"2026-03-20T15:27:37","slug":"sports-facilities","status":"publish","type":"page","link":"https:\/\/espaceswaverly.ca\/en\/sports-facilities\/","title":{"rendered":"Sports Facilities"},"content":{"rendered":"[vc_row type=&#8221;in_container&#8221; full_screen_row_position=&#8221;middle&#8221; column_margin=&#8221;default&#8221; column_direction=&#8221;default&#8221; column_direction_tablet=&#8221;default&#8221; column_direction_phone=&#8221;default&#8221; scene_position=&#8221;center&#8221; text_color=&#8221;dark&#8221; text_align=&#8221;left&#8221; row_border_radius=&#8221;none&#8221; row_border_radius_applies=&#8221;bg&#8221; overflow=&#8221;visible&#8221; overlay_strength=&#8221;0.3&#8243; gradient_direction=&#8221;left_to_right&#8221; shape_divider_position=&#8221;bottom&#8221; bg_image_animation=&#8221;none&#8221;][vc_column column_padding=&#8221;no-extra-padding&#8221; column_padding_tablet=&#8221;inherit&#8221; column_padding_phone=&#8221;inherit&#8221; column_padding_position=&#8221;all&#8221; column_element_direction_desktop=&#8221;default&#8221; column_element_spacing=&#8221;default&#8221; desktop_text_alignment=&#8221;default&#8221; tablet_text_alignment=&#8221;default&#8221; phone_text_alignment=&#8221;default&#8221; background_color_opacity=&#8221;1&#8243; background_hover_color_opacity=&#8221;1&#8243; column_backdrop_filter=&#8221;none&#8221; column_shadow=&#8221;none&#8221; column_border_radius=&#8221;none&#8221; column_link_target=&#8221;_self&#8221; column_position=&#8221;default&#8221; gradient_direction=&#8221;left_to_right&#8221; overlay_strength=&#8221;0.3&#8243; width=&#8221;1\/1&#8243; tablet_width_inherit=&#8221;default&#8221; animation_type=&#8221;default&#8221; bg_image_animation=&#8221;none&#8221; border_type=&#8221;simple&#8221; column_border_width=&#8221;none&#8221; column_border_style=&#8221;solid&#8221;][split_line_heading animation_type=&#8221;line-reveal-by-space&#8221; font_style=&#8221;h1&#8243; text_color=&#8221;#0b006b&#8221; line_reveal_by_space_text_effect=&#8221;default&#8221; stagger_animation=&#8221;true&#8221; content_alignment=&#8221;center&#8221; mobile_content_alignment=&#8221;inherit&#8221; link_target=&#8221;_self&#8221; text_content=&#8221;Plateaux Sportifs&#8221; font_size=&#8221;10vh&#8221; text_direction=&#8221;default&#8221;][\/split_line_heading][vc_custom_heading text=&#8221;R\u00e9servez Maitenant \u2192&#8221; font_container=&#8221;tag:h2|text_align:center|color:%23dd3333&#8243; use_theme_fonts=&#8221;yes&#8221; css_animation=&#8221;slideInUp&#8221; css=&#8221;&#8221; link=&#8221;url:https%3A%2F%2Fkvbn0g-cv.myshopify.com%2Fproducts%2Flocation-terrain-multisports|&#8221;][\/vc_column][\/vc_row][vc_row type=&#8221;full_width_content&#8221; full_screen_row_position=&#8221;middle&#8221; column_margin=&#8221;default&#8221; column_direction=&#8221;default&#8221; column_direction_tablet=&#8221;default&#8221; column_direction_phone=&#8221;default&#8221; scene_position=&#8221;center&#8221; text_color=&#8221;dark&#8221; text_align=&#8221;left&#8221; row_border_radius=&#8221;none&#8221; row_border_radius_applies=&#8221;bg&#8221; overflow=&#8221;visible&#8221; advanced_gradient_angle=&#8221;0&#8243; overlay_strength=&#8221;0.3&#8243; gradient_direction=&#8221;left_to_right&#8221; shape_divider_position=&#8221;bottom&#8221; bg_image_animation=&#8221;none&#8221; gradient_type=&#8221;default&#8221; shape_type=&#8221;&#8221;][vc_column column_padding=&#8221;padding-5-percent&#8221; column_padding_tablet=&#8221;inherit&#8221; column_padding_phone=&#8221;inherit&#8221; column_padding_position=&#8221;left-right&#8221; column_element_direction_desktop=&#8221;default&#8221; column_element_spacing=&#8221;0px&#8221; desktop_text_alignment=&#8221;default&#8221; tablet_text_alignment=&#8221;default&#8221; phone_text_alignment=&#8221;default&#8221; background_color_opacity=&#8221;1&#8243; background_hover_color_opacity=&#8221;1&#8243; column_backdrop_filter=&#8221;none&#8221; column_shadow=&#8221;none&#8221; column_border_radius=&#8221;none&#8221; column_link_target=&#8221;_self&#8221; column_position=&#8221;default&#8221; advanced_gradient_angle=&#8221;0&#8243; gradient_direction=&#8221;left_to_right&#8221; overlay_strength=&#8221;0.3&#8243; width=&#8221;1\/1&#8243; tablet_width_inherit=&#8221;default&#8221; animation_type=&#8221;default&#8221; enable_animation=&#8221;true&#8221; animation=&#8221;fade-in&#8221; mobile_disable_entrance_animation=&#8221;true&#8221; animation_easing=&#8221;default&#8221; bg_image_animation=&#8221;none&#8221; border_type=&#8221;simple&#8221; column_border_width=&#8221;none&#8221; column_border_style=&#8221;solid&#8221; gradient_type=&#8221;default&#8221; delay=&#8221;800&#8243; column_padding_type=&#8221;default&#8221;][nectar_video_player_self_hosted video_mp4=&#8221;https:\/\/espaceswaverly.ca\/wp-content\/uploads\/2026\/03\/Terrain-Sportif-4.02.mp4&#8243; video_image=&#8221;1834&#8243; el_aspect=&#8221;43&#8243; align=&#8221;center&#8221; player_functionality=&#8221;default&#8221; loop=&#8221;yes&#8221; autoplay=&#8221;yes&#8221; video_loading=&#8221;default&#8221; border_radius=&#8221;none&#8221; box_shadow=&#8221;none&#8221; advanced_gradient_display_type=&#8221;linear&#8221;][divider line_type=&#8221;No Line&#8221;][vc_gallery css=&#8221;&#8221; type=&#8221;flickity_static_height_style&#8221; images=&#8221;1805,1807,502,496,1809&#8243; flickity_spacing=&#8221;10px&#8221; flickity_controls=&#8221;touch_total_alt&#8221; flickity_touch_total_style=&#8221;solid_bg&#8221; flickity_touch_total_indicator_bg_color=&#8221;#d04242&#8243; flickity_touch_total_indicator_icon_color=&#8221;#ffffff&#8221; flickity_overflow=&#8221;hidden&#8221; flickity_wrap_around=&#8221;wrap&#8221; flickity_box_shadow=&#8221;none&#8221; image_loading=&#8221;default&#8221; onclick=&#8221;link_image&#8221; flickity_img_height=&#8221;60vh&#8221; flickity_img_small_desktop_height=&#8221;70vh&#8221; flickity_img_tablet_height=&#8221;40vh&#8221; flickity_img_mobile_height=&#8221;250px&#8221;][split_line_heading animation_type=&#8221;line-reveal-by-space&#8221; font_style=&#8221;h1&#8243; text_color=&#8221;#0b006b&#8221; line_reveal_by_space_text_effect=&#8221;default&#8221; stagger_animation=&#8221;true&#8221; content_alignment=&#8221;left&#8221; mobile_content_alignment=&#8221;inherit&#8221; link_target=&#8221;_self&#8221; text_content=&#8221;Infos Terrain Multi Sports&#8221; font_size=&#8221;10vh&#8221; text_direction=&#8221;default&#8221;][\/split_line_heading][nectar_btn size=&#8221;jumbo&#8221; button_style=&#8221;see-through&#8221; button_color_2=&#8221;Accent-Color&#8221; icon_family=&#8221;default_arrow&#8221; text=&#8221;R\u00e9servez Maitenant&#8221; url=&#8221;https:\/\/kvbn0g-cv.myshopify.com\/products\/location-terrain-multisports&#8221; margin_top=&#8221;20&#8243;][\/vc_column][\/vc_row][vc_row type=&#8221;full_width_background&#8221; full_screen_row_position=&#8221;middle&#8221; column_margin=&#8221;default&#8221; column_direction=&#8221;default&#8221; column_direction_tablet=&#8221;default&#8221; column_direction_phone=&#8221;default&#8221; scene_position=&#8221;center&#8221; top_padding=&#8221;3%&#8221; constrain_group_1=&#8221;yes&#8221; bottom_padding=&#8221;3%&#8221; text_color=&#8221;dark&#8221; text_align=&#8221;left&#8221; row_border_radius=&#8221;none&#8221; row_border_radius_applies=&#8221;bg&#8221; overflow=&#8221;visible&#8221; overlay_strength=&#8221;0.3&#8243; gradient_direction=&#8221;left_to_right&#8221; shape_divider_position=&#8221;bottom&#8221; bg_image_animation=&#8221;none&#8221; gradient_type=&#8221;default&#8221; shape_type=&#8221;&#8221;][vc_column column_padding=&#8221;no-extra-padding&#8221; column_padding_tablet=&#8221;inherit&#8221; column_padding_phone=&#8221;inherit&#8221; column_padding_position=&#8221;all&#8221; column_element_direction_desktop=&#8221;default&#8221; column_element_spacing=&#8221;default&#8221; desktop_text_alignment=&#8221;default&#8221; tablet_text_alignment=&#8221;default&#8221; phone_text_alignment=&#8221;default&#8221; background_color_opacity=&#8221;1&#8243; background_hover_color_opacity=&#8221;1&#8243; column_backdrop_filter=&#8221;none&#8221; column_shadow=&#8221;none&#8221; column_border_radius=&#8221;none&#8221; column_link_target=&#8221;_self&#8221; column_position=&#8221;default&#8221; gradient_direction=&#8221;left_to_right&#8221; overlay_strength=&#8221;0.3&#8243; width=&#8221;1\/1&#8243; tablet_width_inherit=&#8221;default&#8221; animation_type=&#8221;default&#8221; bg_image_animation=&#8221;none&#8221; border_type=&#8221;simple&#8221; column_border_width=&#8221;none&#8221; column_border_style=&#8221;solid&#8221;][vc_row_inner column_margin=&#8221;default&#8221; column_direction=&#8221;default&#8221; column_direction_tablet=&#8221;default&#8221; column_direction_phone=&#8221;default&#8221; text_align=&#8221;left&#8221; row_position=&#8221;default&#8221; row_position_tablet=&#8221;inherit&#8221; row_position_phone=&#8221;inherit&#8221; overflow=&#8221;visible&#8221; pointer_events=&#8221;all&#8221;][vc_column_inner right_padding_desktop=&#8221;15%&#8221; right_padding_tablet=&#8221;0&#8243; column_element_direction_desktop=&#8221;default&#8221; column_element_spacing=&#8221;30px&#8221; desktop_text_alignment=&#8221;default&#8221; tablet_text_alignment=&#8221;default&#8221; phone_text_alignment=&#8221;default&#8221; background_color_opacity=&#8221;1&#8243; background_hover_color_opacity=&#8221;1&#8243; column_backdrop_filter=&#8221;none&#8221; column_shadow=&#8221;none&#8221; column_border_radius=&#8221;none&#8221; column_link_target=&#8221;_self&#8221; overflow=&#8221;visible&#8221; gradient_direction=&#8221;left_to_right&#8221; overlay_strength=&#8221;0.3&#8243; width=&#8221;2\/3&#8243; tablet_width_inherit=&#8221;default&#8221; animation_type=&#8221;default&#8221; bg_image_animation=&#8221;none&#8221; border_type=&#8221;simple&#8221; column_border_width=&#8221;none&#8221; column_border_style=&#8221;solid&#8221; column_padding_type=&#8221;advanced&#8221; gradient_type=&#8221;default&#8221;][nectar_responsive_text inherited_font_style=&#8221;default&#8221; font_size_desktop=&#8221;1.1em&#8221; font_line_height=&#8221;1.6&#8243; text_direction=&#8221;default&#8221; font_size_tablet=&#8221;1em&#8221;]\n<h2 data-section-id=\"npf8pa\" data-start=\"288\" data-end=\"347\">Terrain multisport sur toit \u00e0 Montr\u00e9al \u2013 Espaces Waverly<\/h2>\n<p data-start=\"349\" data-end=\"484\">Offrez \u00e0 votre \u00e9quipe une <strong data-start=\"375\" data-end=\"416\">exp\u00e9rience sportive unique \u00e0 Montr\u00e9al<\/strong> sur notre terrain multisport situ\u00e9 sur le toit des Espaces Waverly.<\/p>\n<p data-start=\"486\" data-end=\"673\">Con\u00e7u pour allier <strong data-start=\"504\" data-end=\"538\">design, confort et polyvalence<\/strong>, cet espace permet d\u2019accueillir autant des <strong data-start=\"582\" data-end=\"605\">activit\u00e9s sportives<\/strong>, des <strong data-start=\"611\" data-end=\"637\">entra\u00eenements d\u2019\u00e9quipe<\/strong> que des <strong data-start=\"646\" data-end=\"672\">\u00e9v\u00e9nements corporatifs<\/strong>.<\/p>\n<p data-start=\"675\" data-end=\"818\">Avec sa <strong data-start=\"683\" data-end=\"715\">vue panoramique sur Montr\u00e9al<\/strong>, notre terrain cr\u00e9e une atmosph\u00e8re dynamique et m\u00e9morable pour les joueurs comme pour les spectateurs.<\/p>\n<p data-start=\"859\" data-end=\"900\">Notre terrain multisport est id\u00e9al pour :<\/p>\n<p data-start=\"902\" data-end=\"1043\">\u2022 Basketball<br data-start=\"914\" data-end=\"917\" \/>\u2022 Soccer<br data-start=\"925\" data-end=\"928\" \/>\u2022 Hockey-balle<br data-start=\"942\" data-end=\"945\" \/>\u2022 Pickleball<br data-start=\"957\" data-end=\"960\" \/>\u2022 Activit\u00e9s sportives corporatives<br data-start=\"994\" data-end=\"997\" \/>\u2022 Ligues r\u00e9cr\u00e9atives ou entra\u00eenements priv\u00e9s<\/p>\n<p data-start=\"1045\" data-end=\"1169\">Cet espace peut \u00e9galement \u00eatre utilis\u00e9 pour des <strong data-start=\"1093\" data-end=\"1168\">activit\u00e9s de team building, tournois ou \u00e9v\u00e9nements sportifs corporatifs<\/strong>.<\/p>\n<hr data-start=\"1171\" data-end=\"1174\" \/>\n<h2 data-section-id=\"ye202i\" data-start=\"1176\" data-end=\"1214\">\u00c9quipements inclus avec la location<\/h2>\n<p data-start=\"1216\" data-end=\"1282\">Pour faciliter l\u2019organisation de vos activit\u00e9s, nous fournissons :<\/p>\n<p data-start=\"1284\" data-end=\"1424\">\u2022 Filets sportifs<br data-start=\"1301\" data-end=\"1304\" \/>\u2022 Dossards pour \u00e9quipes<br data-start=\"1327\" data-end=\"1330\" \/>\u2022 Tableau pointeur<br data-start=\"1348\" data-end=\"1351\" \/>\u2022 Haut-parleur pour musique ou annonces<br data-start=\"1390\" data-end=\"1393\" \/>\u2022 Vestiaires pour les joueurs<\/p>\n<p data-start=\"1426\" data-end=\"1504\">Des <strong data-start=\"1430\" data-end=\"1459\">bancs et estrades en bois<\/strong> sont aussi disponibles pour les spectateurs.<\/p>\n<hr data-start=\"1506\" data-end=\"1509\" \/>\n<h2 data-section-id=\"1fyzdtu\" data-start=\"1511\" data-end=\"1555\">Tarifs location terrain multisport \u2013 2026<\/h2>\n<div class=\"TyagGW_tableContainer\">\n<div class=\"group TyagGW_tableWrapper flex flex-col-reverse w-fit\" tabindex=\"-1\">\n<table class=\"w-fit min-w-(--thread-content-width)\" data-start=\"1557\" data-end=\"1705\">\n<thead data-start=\"1557\" data-end=\"1574\">\n<tr data-start=\"1557\" data-end=\"1574\">\n<th class=\"\" data-start=\"1557\" data-end=\"1565\" data-col-size=\"sm\">Dur\u00e9e<\/th>\n<th class=\"\" data-start=\"1565\" data-end=\"1574\" data-col-size=\"sm\">Tarif<\/th>\n<\/tr>\n<\/thead>\n<tbody data-start=\"1591\" data-end=\"1705\">\n<tr data-start=\"1591\" data-end=\"1618\">\n<td data-start=\"1591\" data-end=\"1601\" data-col-size=\"sm\">1 heure<\/td>\n<td data-start=\"1601\" data-end=\"1618\" data-col-size=\"sm\">134 $ + taxes<\/td>\n<\/tr>\n<tr data-start=\"1619\" data-end=\"1647\">\n<td data-start=\"1619\" data-end=\"1630\" data-col-size=\"sm\">2 heures<\/td>\n<td data-col-size=\"sm\" data-start=\"1630\" data-end=\"1647\">215 $ + taxes<\/td>\n<\/tr>\n<tr data-start=\"1648\" data-end=\"1676\">\n<td data-start=\"1648\" data-end=\"1659\" data-col-size=\"sm\">3 heures<\/td>\n<td data-col-size=\"sm\" data-start=\"1659\" data-end=\"1676\">296 $ + taxes<\/td>\n<\/tr>\n<tr data-start=\"1677\" data-end=\"1705\">\n<td data-start=\"1677\" data-end=\"1688\" data-col-size=\"sm\">4 heures<\/td>\n<td data-col-size=\"sm\" data-start=\"1688\" data-end=\"1705\">376 $ + taxes<\/td>\n<\/tr>\n<\/tbody>\n<\/table>\n<\/div>\n<\/div>\n<hr data-start=\"1707\" data-end=\"1710\" \/>\n<h2 data-section-id=\"frpfb5\" data-start=\"1712\" data-end=\"1748\">Terrasse \u00e9v\u00e9nementielle adjacente<\/h2>\n<p data-start=\"1750\" data-end=\"1861\">Une <strong data-start=\"1754\" data-end=\"1814\">terrasse adjacente pouvant accueillir 80 \u00e0 100 personnes<\/strong> est disponible pour compl\u00e9ter votre \u00e9v\u00e9nement.<\/p>\n<p data-start=\"1863\" data-end=\"1894\">Cet espace est parfait pour :<\/p>\n<p data-start=\"1896\" data-end=\"2008\">\u2022 5 \u00e0 7 corporatifs<br data-start=\"1915\" data-end=\"1918\" \/>\u2022 \u00e9v\u00e9nements d\u2019\u00e9quipe<br data-start=\"1939\" data-end=\"1942\" \/>\u2022 f\u00eates priv\u00e9es<br data-start=\"1957\" data-end=\"1960\" \/>\u2022 rassemblements apr\u00e8s les activit\u00e9s sportives<\/p>\n<p data-start=\"2010\" data-end=\"2084\">Pour plus d\u2019informations sur la location :<br data-start=\"2052\" data-end=\"2055\" \/><a class=\"decorated-link cursor-pointer\" rel=\"noopener\" data-start=\"2055\" data-end=\"2084\">location7236waverly@gmail.com<\/a><\/p>\n<hr data-start=\"2086\" data-end=\"2089\" \/>\n<h2 data-section-id=\"hadtuo\" data-start=\"2091\" data-end=\"2115\">Dimensions du terrain<\/h2>\n<p data-start=\"2117\" data-end=\"2135\"><strong data-start=\"2117\" data-end=\"2135\">16.15 m x 27 m<\/strong><\/p>\n[\/nectar_responsive_text][\/vc_column_inner][\/vc_row_inner][\/vc_column][\/vc_row]\n","protected":false},"excerpt":{"rendered":"<p>[vc_row type=&#8221;in_container&#8221; full_screen_row_position=&#8221;middle&#8221; column_margin=&#8221;default&#8221; column_direction=&#8221;default&#8221; column_direction_tablet=&#8221;default&#8221; column_direction_phone=&#8221;default&#8221; scene_position=&#8221;center&#8221; text_color=&#8221;dark&#8221; text_align=&#8221;left&#8221; row_border_radius=&#8221;none&#8221; row_border_radius_applies=&#8221;bg&#8221; overflow=&#8221;visible&#8221; overlay_strength=&#8221;0.3&#8243; gradient_direction=&#8221;left_to_right&#8221; shape_divider_position=&#8221;bottom&#8221; bg_image_animation=&#8221;none&#8221;][vc_column column_padding=&#8221;no-extra-padding&#8221; column_padding_tablet=&#8221;inherit&#8221; column_padding_phone=&#8221;inherit&#8221; column_padding_position=&#8221;all&#8221; column_element_direction_desktop=&#8221;default&#8221; column_element_spacing=&#8221;default&#8221; desktop_text_alignment=&#8221;default&#8221; tablet_text_alignment=&#8221;default&#8221; phone_text_alignment=&#8221;default&#8221; background_color_opacity=&#8221;1&#8243; background_hover_color_opacity=&#8221;1&#8243; column_backdrop_filter=&#8221;none&#8221; column_shadow=&#8221;none&#8221;&#8230;<\/p>\n","protected":false},"author":1,"featured_media":0,"parent":0,"menu_order":0,"comment_status":"closed","ping_status":"closed","template":"","meta":{"_monsterinsights_skip_tracking":false,"_monsterinsights_sitenote_active":false,"_monsterinsights_sitenote_note":"","_monsterinsights_sitenote_category":0,"_uf_show_specific_survey":0,"_uf_disable_surveys":false,"footnotes":""},"class_list":["post-897","page","type-page","status-publish"],"aioseo_notices":[],"_links":{"self":[{"href":"https:\/\/espaceswaverly.ca\/en\/wp-json\/wp\/v2\/pages\/897","targetHints":{"allow":["GET"]}}],"collection":[{"href":"https:\/\/espaceswaverly.ca\/en\/wp-json\/wp\/v2\/pages"}],"about":[{"href":"https:\/\/espaceswaverly.ca\/en\/wp-json\/wp\/v2\/types\/page"}],"author":[{"embeddable":true,"href":"https:\/\/espaceswaverly.ca\/en\/wp-json\/wp\/v2\/users\/1"}],"replies":[{"embeddable":true,"href":"https:\/\/espaceswaverly.ca\/en\/wp-json\/wp\/v2\/comments?post=897"}],"version-history":[{"count":6,"href":"https:\/\/espaceswaverly.ca\/en\/wp-json\/wp\/v2\/pages\/897\/revisions"}],"predecessor-version":[{"id":1884,"href":"https:\/\/espaceswaverly.ca\/en\/wp-json\/wp\/v2\/pages\/897\/revisions\/1884"}],"wp:attachment":[{"href":"https:\/\/espaceswaverly.ca\/en\/wp-json\/wp\/v2\/media?parent=897"}],"curies":[{"name":"wp","href":"https:\/\/api.w.org\/{rel}","templated":true}]}}